{"id":1192,"date":"2022-10-13T11:08:18","date_gmt":"2022-10-13T11:08:18","guid":{"rendered":"https:\/\/pmief.fundacionjaes.org\/?page_id=1192"},"modified":"2022-11-15T11:06:04","modified_gmt":"2022-11-15T11:06:04","slug":"inicio","status":"publish","type":"page","link":"https:\/\/pmief.fundacionjaes.org\/","title":{"rendered":"Inicio"},"content":{"rendered":"<p>[et_pb_section fb_built=&#8221;1&#8243; admin_label=&#8221;Course Hero&#8221; _builder_version=&#8221;4.18.0&#8243; background_enable_color=&#8221;off&#8221; use_background_color_gradient=&#8221;on&#8221; background_color_gradient_start=&#8221;#00763c&#8221; background_color_gradient_end=&#8221;#a6dc02&#8243; background_color_gradient_direction=&#8221;90deg&#8221; background_image=&#8221;http:\/\/pmief.fundacionjaes.org\/wp-content\/uploads\/sites\/9\/2022\/10\/coding-background-texture.jpg&#8221; background_blend=&#8221;overlay&#8221; custom_padding=&#8221;50px|0px|180px|0px|false|false&#8221; animation_style=&#8221;slide&#8221; animation_direction=&#8221;top&#8221; animation_intensity_slide=&#8221;2%&#8221; locked=&#8221;off&#8221; global_colors_info=&#8221;{}&#8221;][et_pb_row column_structure=&#8221;1_2,1_2&#8243; _builder_version=&#8221;4.18.0&#8243; custom_margin=&#8221;|||&#8221; custom_padding=&#8221;0px||||false|false&#8221; custom_width_px=&#8221;1280px&#8221; global_colors_info=&#8221;{}&#8221;][et_pb_column type=&#8221;1_2&#8243; _builder_version=&#8221;4.16&#8243; custom_padding=&#8221;|||&#8221; global_colors_info=&#8221;{}&#8221; custom_padding__hover=&#8221;|||&#8221;][et_pb_text _builder_version=&#8221;4.14.7&#8243; text_font=&#8221;||||||||&#8221; header_font=&#8221;|800||on|||||&#8221; header_font_size=&#8221;60px&#8221; header_line_height=&#8221;1.3em&#8221; background_layout=&#8221;dark&#8221; min_height=&#8221;124px&#8221; custom_margin=&#8221;0px||||false|false&#8221; custom_padding=&#8221;|||&#8221; header_font_size_tablet=&#8221;&#8221; header_font_size_phone=&#8221;&#8221; header_font_size_last_edited=&#8221;on|desktop&#8221; locked=&#8221;off&#8221; global_colors_info=&#8221;{}&#8221;]<\/p>\n<h1>Gesti\u00f3n de Proyectos<\/h1>\n<h4>1.5 horas<\/h4>\n<p>[\/et_pb_text][et_pb_text _builder_version=&#8221;4.18.0&#8243; text_font=&#8221;|600|||||||&#8221; text_text_color=&#8221;#FFFFFF&#8221; text_font_size=&#8221;20px&#8221; text_line_height=&#8221;1.75em&#8221; custom_padding=&#8221;0px|||||&#8221; locked=&#8221;off&#8221; global_colors_info=&#8221;{}&#8221;]<\/p>\n<p>Este m\u00f3dulo de aprendizaje electr\u00f3nico sobre Gesti\u00f3n de Proyectos est\u00e1 dise\u00f1ado para ense\u00f1arle los procesos, habilidades y conceptos de gesti\u00f3n de proyectos aplicables a cualquier iniciativa.<\/p>\n<p><span style=\"font-size: small\"><span style=\"font-size: x-small\">All images supplied by<\/span> <a href=\"https:\/\/www.freepik.com\/vectors\/business\">Freepik<\/a><\/span><span style=\"font-weight: 400\"><\/span><\/p>\n<p><span style=\"font-weight: 400\"><\/span><\/p>\n<p>[\/et_pb_text][et_pb_button button_url=&#8221;https:\/\/pmief.fundacionjaes.org\/?page_id=1195&#8243; button_text=&#8221;\u00a1Empecemos!&#8221; _builder_version=&#8221;4.14.7&#8243; custom_button=&#8221;on&#8221; button_text_size=&#8221;16px&#8221; button_border_width=&#8221;2px&#8221; button_border_color=&#8221;#00763C&#8221; button_border_radius=&#8221;4px&#8221; button_letter_spacing=&#8221;1px&#8221; button_font=&#8221;|on||on|&#8221; button_icon=&#8221;&#x45;||divi||400&#8243; button_on_hover=&#8221;off&#8221; custom_margin=&#8221;20px|||&#8221; custom_padding=&#8221;13px|29px|13px|29px|true|true&#8221; animation_style=&#8221;zoom&#8221; animation_delay=&#8221;100ms&#8221; animation_intensity_zoom=&#8221;10%&#8221; hover_enabled=&#8221;0&#8243; box_shadow_style=&#8221;preset1&#8243; box_shadow_vertical=&#8221;10px&#8221; box_shadow_blur=&#8221;50px&#8221; box_shadow_spread=&#8221;5px&#8221; box_shadow_color=&#8221;rgba(0,188,160,0.6)&#8221; button_letter_spacing_hover=&#8221;2px&#8221; saved_tabs=&#8221;all&#8221; locked=&#8221;off&#8221; global_colors_info=&#8221;{}&#8221; button_text_size__hover_enabled=&#8221;off&#8221; button_text_size__hover=&#8221;null&#8221; button_one_text_size__hover_enabled=&#8221;off&#8221; button_one_text_size__hover=&#8221;null&#8221; button_two_text_size__hover_enabled=&#8221;off&#8221; button_two_text_size__hover=&#8221;null&#8221; button_text_color__hover_enabled=&#8221;off&#8221; button_text_color__hover=&#8221;null&#8221; button_one_text_color__hover_enabled=&#8221;off&#8221; button_one_text_color__hover=&#8221;null&#8221; button_two_text_color__hover_enabled=&#8221;off&#8221; button_two_text_color__hover=&#8221;null&#8221; button_border_width__hover_enabled=&#8221;off&#8221; button_border_width__hover=&#8221;null&#8221; button_one_border_width__hover_enabled=&#8221;off&#8221; button_one_border_width__hover=&#8221;null&#8221; button_two_border_width__hover_enabled=&#8221;off&#8221; button_two_border_width__hover=&#8221;null&#8221; button_border_color__hover_enabled=&#8221;off&#8221; button_border_color__hover=&#8221;null&#8221; button_one_border_color__hover_enabled=&#8221;off&#8221; button_one_border_color__hover=&#8221;null&#8221; button_two_border_color__hover_enabled=&#8221;off&#8221; button_two_border_color__hover=&#8221;null&#8221; button_border_radius__hover_enabled=&#8221;off&#8221; button_border_radius__hover=&#8221;null&#8221; button_one_border_radius__hover_enabled=&#8221;off&#8221; button_one_border_radius__hover=&#8221;null&#8221; button_two_border_radius__hover_enabled=&#8221;off&#8221; button_two_border_radius__hover=&#8221;null&#8221; button_letter_spacing__hover_enabled=&#8221;on&#8221; button_letter_spacing__hover=&#8221;2px&#8221; button_one_letter_spacing__hover_enabled=&#8221;off&#8221; button_one_letter_spacing__hover=&#8221;null&#8221; button_two_letter_spacing__hover_enabled=&#8221;off&#8221; button_two_letter_spacing__hover=&#8221;null&#8221; button_bg_color__hover_enabled=&#8221;off&#8221; button_bg_color__hover=&#8221;null&#8221; button_one_bg_color__hover_enabled=&#8221;off&#8221; button_one_bg_color__hover=&#8221;null&#8221; button_two_bg_color__hover_enabled=&#8221;off&#8221; button_two_bg_color__hover=&#8221;null&#8221; sticky_enabled=&#8221;0&#8243;][\/et_pb_button][\/et_pb_column][et_pb_column type=&#8221;1_2&#8243; _builder_version=&#8221;4.18.0&#8243; custom_padding=&#8221;|||&#8221; custom_css_main_element=&#8221;vertical-align: middle;&#8221; global_colors_info=&#8221;{}&#8221; custom_padding__hover=&#8221;|||&#8221;][et_pb_image src=&#8221;http:\/\/pmief.fundacionjaes.org\/wp-content\/uploads\/sites\/9\/2022\/10\/coding-isometric-11.png&#8221; align=&#8221;center&#8221; align_tablet=&#8221;center&#8221; align_phone=&#8221;&#8221; align_last_edited=&#8221;on|desktop&#8221; _builder_version=&#8221;4.18.0&#8243; animation_style=&#8221;zoom&#8221; animation_direction=&#8221;left&#8221; animation_intensity_zoom=&#8221;20%&#8221; global_colors_info=&#8221;{}&#8221;][\/et_pb_image][\/et_pb_column][\/et_pb_row][\/et_pb_section][et_pb_section fb_built=&#8221;1&#8243; specialty=&#8221;on&#8221; padding_top_2=&#8221;0px&#8221; admin_label=&#8221;Course Chapters&#8221; _builder_version=&#8221;4.16&#8243; custom_margin=&#8221;|||&#8221; custom_padding=&#8221;0px||120px|&#8221; global_colors_info=&#8221;{}&#8221;][et_pb_column type=&#8221;2_3&#8243; specialty_columns=&#8221;2&#8243; _builder_version=&#8221;4.16&#8243; custom_padding=&#8221;|||&#8221; global_colors_info=&#8221;{}&#8221; parallax__hover=&#8221;off&#8221; parallax_method__hover=&#8221;on&#8221; custom_padding__hover=&#8221;|||&#8221;][et_pb_row_inner use_custom_gutter=&#8221;on&#8221; gutter_width=&#8221;4&#8243; _builder_version=&#8221;4.16&#8243; custom_margin=&#8221;-80px|||&#8221; custom_padding=&#8221;0px|3px||||&#8221; global_colors_info=&#8221;{}&#8221;][et_pb_column_inner saved_specialty_column_type=&#8221;2_3&#8243; _builder_version=&#8221;4.16&#8243; custom_padding=&#8221;|||&#8221; global_colors_info=&#8221;{}&#8221; parallax__hover=&#8221;off&#8221; parallax_method__hover=&#8221;on&#8221; custom_padding__hover=&#8221;|||&#8221;][et_pb_blurb title=&#8221;M\u00f3dulo 1. Introducci\u00f3n a la gesti\u00f3n de proyectos&#8221; url=&#8221;https:\/\/elearn.jaeurope.org\/pm\/chapter-1-introduction-to-project-management\/&#8221; url_new_window=&#8221;on&#8221; image=&#8221;http:\/\/pmief.fundacionjaes.org\/wp-content\/uploads\/sites\/9\/2022\/10\/coding-icon_4.png&#8221; icon_placement=&#8221;left&#8221; image_icon_width=&#8221;64px&#8221; content_max_width=&#8221;1100px&#8221; admin_label=&#8221;Chapter&#8221; _builder_version=&#8221;4.14.7&#8243; header_font=&#8221;|on|||&#8221; header_line_height=&#8221;1.5em&#8221; body_line_height=&#8221;1.9em&#8221; background_color=&#8221;#ffffff&#8221; custom_margin=&#8221;|||&#8221; custom_padding=&#8221;30px|40px|30px|40px&#8221; animation_style=&#8221;zoom&#8221; animation_direction=&#8221;bottom&#8221; animation_intensity_zoom=&#8221;20%&#8221; animation_starting_opacity=&#8221;100%&#8221; box_shadow_style=&#8221;preset2&#8243; box_shadow_horizontal=&#8221;0px&#8221; box_shadow_vertical=&#8221;0px&#8221; box_shadow_blur=&#8221;60px&#8221; box_shadow_color=&#8221;rgba(71,74,182,0.12)&#8221; image_max_width=&#8221;64px&#8221; locked=&#8221;off&#8221; global_colors_info=&#8221;{}&#8221;]<\/p>\n<p><span data-contrast=\"auto\" xml:lang=\"ES-ES\" lang=\"ES-ES\" class=\"TextRun SCXW109958392 BCX8\"><span class=\"NormalTextRun SCXW109958392 BCX8\">Todos nos hemos involucrado en algunos aspectos de la gesti\u00f3n de proyectos. De hecho, es probable que lleves mucho tiempo desarrollando y gestionando proyectos en tu vida cotidiana sin darte cuenta, as\u00ed como participando en distintos aspectos de la gesti\u00f3n de proyectos.<\/span><\/span><span class=\"EOP SCXW109958392 BCX8\" data-ccp-props=\"{&quot;201341983&quot;:0,&quot;335559739&quot;:160,&quot;335559740&quot;:259}\">\u00a0<\/span>.<\/p>\n<p><a href=\"https:\/\/pmief.fundacionjaes.org\/?page_id=1195\"><strong><span style=\"text-decoration: underline\">Haz click aqu\u00ed para empezar<\/span><\/strong><\/a><\/p>\n<p>[\/et_pb_blurb][et_pb_code _builder_version=&#8221;4.14.7&#8243; _module_preset=&#8221;default&#8221; global_colors_info=&#8221;{}&#8221;][\/et_pb_code][et_pb_blurb title=&#8221;M\u00f3dulo 2: Iniciaci\u00f3n del proyecto&#8221; url=&#8221;#&#8221; image=&#8221;http:\/\/pmief.fundacionjaes.org\/wp-content\/uploads\/sites\/9\/2022\/10\/coding-icon_12.png&#8221; icon_placement=&#8221;left&#8221; image_icon_width=&#8221;64px&#8221; content_max_width=&#8221;1100px&#8221; admin_label=&#8221;Chapter&#8221; _builder_version=&#8221;4.14.7&#8243; header_font=&#8221;|on|||&#8221; header_line_height=&#8221;1.5em&#8221; body_line_height=&#8221;1.9em&#8221; background_color=&#8221;#ffffff&#8221; custom_margin=&#8221;|||&#8221; custom_padding=&#8221;30px|40px|30px|40px&#8221; animation_style=&#8221;zoom&#8221; animation_direction=&#8221;bottom&#8221; animation_intensity_zoom=&#8221;20%&#8221; animation_starting_opacity=&#8221;100%&#8221; box_shadow_style=&#8221;preset2&#8243; box_shadow_horizontal=&#8221;0px&#8221; box_shadow_vertical=&#8221;0px&#8221; box_shadow_blur=&#8221;60px&#8221; box_shadow_color=&#8221;rgba(71,74,182,0.12)&#8221; image_max_width=&#8221;64px&#8221; locked=&#8221;off&#8221; global_colors_info=&#8221;{}&#8221;]<\/p>\n<p><span data-contrast=\"auto\" xml:lang=\"ES-ES\" lang=\"ES-ES\" class=\"TextRun SCXW222111231 BCX8\"><span class=\"NormalTextRun SCXW222111231 BCX8\">Al comenzar un proyecto, en primer lugar se deben definir los objetivos del mismo. Se trata de una oportunidad para decidir qu\u00e9 medidas se tomar\u00e1n y cu\u00e1les ser\u00e1 el resultado esperado. Aprender\u00e1s m\u00e1s acerca del producto final como el producto, servicio o resultado de un proceso.<\/span><\/span><span class=\"EOP SCXW222111231 BCX8\" data-ccp-props=\"{&quot;201341983&quot;:0,&quot;335559739&quot;:160,&quot;335559740&quot;:259}\">\u00a0<\/span><\/p>\n<p><strong><span><a href=\"https:\/\/pmief.fundacionjaes.org\/?page_id=1198\"><span style=\"text-decoration: underline\">Haz click aqu\u00ed para empezar<\/span><\/a><\/span><\/strong><\/p>\n<p>[\/et_pb_blurb][et_pb_blurb title=&#8221;M\u00f3dulo 3: Planificaci\u00f3n&#8221; url=&#8221;#&#8221; image=&#8221;http:\/\/pmief.fundacionjaes.org\/wp-content\/uploads\/sites\/9\/2022\/10\/coding-iconArtboard-19-copy-9.png&#8221; icon_placement=&#8221;left&#8221; image_icon_width=&#8221;64px&#8221; content_max_width=&#8221;1100px&#8221; admin_label=&#8221;Chapter&#8221; _builder_version=&#8221;4.14.7&#8243; header_font=&#8221;|on|||&#8221; header_line_height=&#8221;1.5em&#8221; body_line_height=&#8221;1.9em&#8221; background_color=&#8221;#ffffff&#8221; custom_margin=&#8221;|||&#8221; custom_padding=&#8221;30px|40px|30px|40px&#8221; animation_style=&#8221;zoom&#8221; animation_direction=&#8221;bottom&#8221; animation_intensity_zoom=&#8221;20%&#8221; animation_starting_opacity=&#8221;100%&#8221; box_shadow_style=&#8221;preset2&#8243; box_shadow_horizontal=&#8221;0px&#8221; box_shadow_vertical=&#8221;0px&#8221; box_shadow_blur=&#8221;60px&#8221; box_shadow_color=&#8221;rgba(71,74,182,0.12)&#8221; image_max_width=&#8221;64px&#8221; locked=&#8221;off&#8221; global_colors_info=&#8221;{}&#8221;]<\/p>\n<p>Sin una planificaci\u00f3n detallada, un gestor de proyectos y el miembro del equipo pueden tener muchas dificultades para lograr el \u00e9xito del proyecto. Aprender\u00e1s c\u00f3mo superar las distintas fases y dividir el trabajo.<\/p>\n<p><a href=\"https:\/\/pmief.fundacionjaes.org\/?page_id=1207\"><strong><span style=\"text-decoration: underline\">Haz click aqu\u00ed para empezar<\/span><\/strong><\/a><\/p>\n<p>[\/et_pb_blurb][et_pb_blurb title=&#8221;M\u00f3dulo 4: Ejecuci\u00f3n, supervisi\u00f3n y control&#8221; url=&#8221;#&#8221; image=&#8221;http:\/\/pmief.fundacionjaes.org\/wp-content\/uploads\/sites\/9\/2022\/10\/coding-icon_16.png&#8221; icon_placement=&#8221;left&#8221; image_icon_width=&#8221;64px&#8221; content_max_width=&#8221;1100px&#8221; admin_label=&#8221;Chapter&#8221; _builder_version=&#8221;4.14.7&#8243; header_font=&#8221;|on|||&#8221; header_line_height=&#8221;1.5em&#8221; body_line_height=&#8221;1.9em&#8221; background_color=&#8221;#ffffff&#8221; custom_margin=&#8221;|||&#8221; custom_padding=&#8221;30px|40px|30px|40px&#8221; animation_style=&#8221;zoom&#8221; animation_direction=&#8221;bottom&#8221; animation_intensity_zoom=&#8221;20%&#8221; animation_starting_opacity=&#8221;100%&#8221; box_shadow_style=&#8221;preset2&#8243; box_shadow_horizontal=&#8221;0px&#8221; box_shadow_vertical=&#8221;0px&#8221; box_shadow_blur=&#8221;60px&#8221; box_shadow_color=&#8221;rgba(71,74,182,0.12)&#8221; image_max_width=&#8221;64px&#8221; locked=&#8221;off&#8221; global_colors_info=&#8221;{}&#8221;]<\/p>\n<p>La ejecuci\u00f3n es el proceso de trabajo que se lleva a cabo a trav\u00e9s del plan del proyecto. Se trata de poner en marcha el plan del proyecto. El plan del proyecto sirve de gu\u00eda para ayudar a garantizar que los resultados, es decir, los objetivos previstos del proyecto, se completar\u00e1n correctamente, a tiempo y ajust\u00e1ndose al presupuesto.<\/p>\n<p><span style=\"text-decoration: underline\"><a href=\"https:\/\/pmief.fundacionjaes.org\/?page_id=1186\"><strong>Haz click aqu\u00ed para empezar<\/strong><\/a><\/span><\/p>\n<p>[\/et_pb_blurb][et_pb_blurb title=&#8221;M\u00f3dulo 5: Cierre&#8221; url=&#8221;#&#8221; image=&#8221;http:\/\/pmief.fundacionjaes.org\/wp-content\/uploads\/sites\/9\/2022\/10\/coding-iconArtboard-19-copy-8.png&#8221; icon_placement=&#8221;left&#8221; image_icon_width=&#8221;64px&#8221; content_max_width=&#8221;1100px&#8221; admin_label=&#8221;Chapter&#8221; _builder_version=&#8221;4.14.7&#8243; header_font=&#8221;|on|||&#8221; header_line_height=&#8221;1.5em&#8221; body_line_height=&#8221;1.9em&#8221; background_color=&#8221;#ffffff&#8221; custom_margin=&#8221;|||&#8221; custom_padding=&#8221;30px|40px|30px|40px&#8221; animation_style=&#8221;zoom&#8221; animation_direction=&#8221;bottom&#8221; animation_intensity_zoom=&#8221;20%&#8221; animation_starting_opacity=&#8221;100%&#8221; box_shadow_style=&#8221;preset2&#8243; box_shadow_horizontal=&#8221;0px&#8221; box_shadow_vertical=&#8221;0px&#8221; box_shadow_blur=&#8221;60px&#8221; box_shadow_color=&#8221;rgba(71,74,182,0.12)&#8221; image_max_width=&#8221;64px&#8221; locked=&#8221;off&#8221; global_colors_info=&#8221;{}&#8221;]<\/p>\n<p>Finalizar un proyecto es todo un logro y el resultado de haber trabajado mucho. Como grupo, los miembros de tu equipo y t\u00fa hab\u00e9is tenido una idea, la hab\u00e9is planificado, hab\u00e9is ejecutado el plan, hab\u00e9is supervisado o controlado el progreso y hab\u00e9is llegado al proceso de cierre.<\/p>\n<p><a href=\"https:\/\/pmief.fundacionjaes.org\/?page_id=1189\"><strong><span style=\"text-decoration: underline\">Haz click aqu\u00ed para empezar<\/span><\/strong><\/a><\/p>\n<p>[\/et_pb_blurb][\/et_pb_column_inner][\/et_pb_row_inner][\/et_pb_column][et_pb_column type=&#8221;1_3&#8243; _builder_version=&#8221;4.16&#8243; custom_padding=&#8221;|||&#8221; global_colors_info=&#8221;{}&#8221; padding_top__hover=&#8221;0px&#8221; parallax__hover=&#8221;off&#8221; parallax_method__hover=&#8221;on&#8221; custom_padding__hover=&#8221;|||&#8221;][\/et_pb_column][\/et_pb_section]<\/p>\n","protected":false},"excerpt":{"rendered":"<p>Gesti\u00f3n de Proyectos 1.5 horasEste m\u00f3dulo de aprendizaje electr\u00f3nico sobre Gesti\u00f3n de Proyectos est\u00e1 dise\u00f1ado para ense\u00f1arle los procesos, habilidades y conceptos de gesti\u00f3n de proyectos aplicables a cualquier iniciativa. All images supplied by Freepik Todos nos hemos involucrado en algunos aspectos de la gesti\u00f3n de proyectos. De hecho, es probable que lleves mucho tiempo [&hellip;]<\/p>\n","protected":false},"author":8,"featured_media":0,"parent":0,"menu_order":0,"comment_status":"closed","ping_status":"closed","template":"","meta":{"_et_pb_use_builder":"on","_et_pb_old_content":"","_et_gb_content_width":"","_exactmetrics_skip_tracking":false,"_exactmetrics_sitenote_active":false,"_exactmetrics_sitenote_note":"","_exactmetrics_sitenote_category":0,"footnotes":"","_links_to":"","_links_to_target":""},"class_list":["post-1192","page","type-page","status-publish","hentry"],"yoast_head":"<!-- This site is optimized with the Yoast SEO plugin v24.5 - https:\/\/yoast.com\/wordpress\/plugins\/seo\/ -->\n<title>Inicio - PMIEF<\/title>\n<meta name=\"robots\" content=\"index, follow, max-snippet:-1, max-image-preview:large, max-video-preview:-1\" \/>\n<link rel=\"canonical\" href=\"https:\/\/pmief.fundacionjaes.org\/\" \/>\n<meta property=\"og:locale\" content=\"es_ES\" \/>\n<meta property=\"og:type\" content=\"article\" \/>\n<meta property=\"og:title\" content=\"Inicio - PMIEF\" \/>\n<meta property=\"og:description\" content=\"Gesti\u00f3n de Proyectos 1.5 horasEste m\u00f3dulo de aprendizaje electr\u00f3nico sobre Gesti\u00f3n de Proyectos est\u00e1 dise\u00f1ado para ense\u00f1arle los procesos, habilidades y conceptos de gesti\u00f3n de proyectos aplicables a cualquier iniciativa. All images supplied by Freepik Todos nos hemos involucrado en algunos aspectos de la gesti\u00f3n de proyectos. De hecho, es probable que lleves mucho tiempo [&hellip;]\" \/>\n<meta property=\"og:url\" content=\"https:\/\/pmief.fundacionjaes.org\/\" \/>\n<meta property=\"og:site_name\" content=\"PMIEF\" \/>\n<meta property=\"article:modified_time\" content=\"2022-11-15T11:06:04+00:00\" \/>\n<meta name=\"twitter:card\" content=\"summary_large_image\" \/>\n<meta name=\"twitter:label1\" content=\"Tiempo de lectura\" \/>\n\t<meta name=\"twitter:data1\" content=\"8 minutos\" \/>\n<script type=\"application\/ld+json\" class=\"yoast-schema-graph\">{\"@context\":\"https:\/\/schema.org\",\"@graph\":[{\"@type\":\"WebPage\",\"@id\":\"https:\/\/pmief.fundacionjaes.org\/\",\"url\":\"https:\/\/pmief.fundacionjaes.org\/\",\"name\":\"Inicio - PMIEF\",\"isPartOf\":{\"@id\":\"https:\/\/pmief.fundacionjaes.org\/#website\"},\"datePublished\":\"2022-10-13T11:08:18+00:00\",\"dateModified\":\"2022-11-15T11:06:04+00:00\",\"breadcrumb\":{\"@id\":\"https:\/\/pmief.fundacionjaes.org\/#breadcrumb\"},\"inLanguage\":\"es\",\"potentialAction\":[{\"@type\":\"ReadAction\",\"target\":[\"https:\/\/pmief.fundacionjaes.org\/\"]}]},{\"@type\":\"BreadcrumbList\",\"@id\":\"https:\/\/pmief.fundacionjaes.org\/#breadcrumb\",\"itemListElement\":[{\"@type\":\"ListItem\",\"position\":1,\"name\":\"Portada\",\"item\":\"https:\/\/pmief.fundacionjaes.org\/\"},{\"@type\":\"ListItem\",\"position\":2,\"name\":\"Inicio\"}]},{\"@type\":\"WebSite\",\"@id\":\"https:\/\/pmief.fundacionjaes.org\/#website\",\"url\":\"https:\/\/pmief.fundacionjaes.org\/\",\"name\":\"PMIEF\",\"description\":\"Junior Achievement Sites\",\"potentialAction\":[{\"@type\":\"SearchAction\",\"target\":{\"@type\":\"EntryPoint\",\"urlTemplate\":\"https:\/\/pmief.fundacionjaes.org\/?s={search_term_string}\"},\"query-input\":{\"@type\":\"PropertyValueSpecification\",\"valueRequired\":true,\"valueName\":\"search_term_string\"}}],\"inLanguage\":\"es\"}]}<\/script>\n<!-- \/ Yoast SEO plugin. -->","yoast_head_json":{"title":"Inicio - PMIEF","robots":{"index":"index","follow":"follow","max-snippet":"max-snippet:-1","max-image-preview":"max-image-preview:large","max-video-preview":"max-video-preview:-1"},"canonical":"https:\/\/pmief.fundacionjaes.org\/","og_locale":"es_ES","og_type":"article","og_title":"Inicio - PMIEF","og_description":"Gesti\u00f3n de Proyectos 1.5 horasEste m\u00f3dulo de aprendizaje electr\u00f3nico sobre Gesti\u00f3n de Proyectos est\u00e1 dise\u00f1ado para ense\u00f1arle los procesos, habilidades y conceptos de gesti\u00f3n de proyectos aplicables a cualquier iniciativa. All images supplied by Freepik Todos nos hemos involucrado en algunos aspectos de la gesti\u00f3n de proyectos. De hecho, es probable que lleves mucho tiempo [&hellip;]","og_url":"https:\/\/pmief.fundacionjaes.org\/","og_site_name":"PMIEF","article_modified_time":"2022-11-15T11:06:04+00:00","twitter_card":"summary_large_image","twitter_misc":{"Tiempo de lectura":"8 minutos"},"schema":{"@context":"https:\/\/schema.org","@graph":[{"@type":"WebPage","@id":"https:\/\/pmief.fundacionjaes.org\/","url":"https:\/\/pmief.fundacionjaes.org\/","name":"Inicio - PMIEF","isPartOf":{"@id":"https:\/\/pmief.fundacionjaes.org\/#website"},"datePublished":"2022-10-13T11:08:18+00:00","dateModified":"2022-11-15T11:06:04+00:00","breadcrumb":{"@id":"https:\/\/pmief.fundacionjaes.org\/#breadcrumb"},"inLanguage":"es","potentialAction":[{"@type":"ReadAction","target":["https:\/\/pmief.fundacionjaes.org\/"]}]},{"@type":"BreadcrumbList","@id":"https:\/\/pmief.fundacionjaes.org\/#breadcrumb","itemListElement":[{"@type":"ListItem","position":1,"name":"Portada","item":"https:\/\/pmief.fundacionjaes.org\/"},{"@type":"ListItem","position":2,"name":"Inicio"}]},{"@type":"WebSite","@id":"https:\/\/pmief.fundacionjaes.org\/#website","url":"https:\/\/pmief.fundacionjaes.org\/","name":"PMIEF","description":"Junior Achievement Sites","potentialAction":[{"@type":"SearchAction","target":{"@type":"EntryPoint","urlTemplate":"https:\/\/pmief.fundacionjaes.org\/?s={search_term_string}"},"query-input":{"@type":"PropertyValueSpecification","valueRequired":true,"valueName":"search_term_string"}}],"inLanguage":"es"}]}},"_links":{"self":[{"href":"https:\/\/pmief.fundacionjaes.org\/index.php?rest_route=\/wp\/v2\/pages\/1192","targetHints":{"allow":["GET"]}}],"collection":[{"href":"https:\/\/pmief.fundacionjaes.org\/index.php?rest_route=\/wp\/v2\/pages"}],"about":[{"href":"https:\/\/pmief.fundacionjaes.org\/index.php?rest_route=\/wp\/v2\/types\/page"}],"author":[{"embeddable":true,"href":"https:\/\/pmief.fundacionjaes.org\/index.php?rest_route=\/wp\/v2\/users\/8"}],"replies":[{"embeddable":true,"href":"https:\/\/pmief.fundacionjaes.org\/index.php?rest_route=%2Fwp%2Fv2%2Fcomments&post=1192"}],"version-history":[{"count":28,"href":"https:\/\/pmief.fundacionjaes.org\/index.php?rest_route=\/wp\/v2\/pages\/1192\/revisions"}],"predecessor-version":[{"id":1442,"href":"https:\/\/pmief.fundacionjaes.org\/index.php?rest_route=\/wp\/v2\/pages\/1192\/revisions\/1442"}],"wp:attachment":[{"href":"https:\/\/pmief.fundacionjaes.org\/index.php?rest_route=%2Fwp%2Fv2%2Fmedia&parent=1192"}],"curies":[{"name":"wp","href":"https:\/\/api.w.org\/{rel}","templated":true}]}}